{"id":85233,"date":"2020-08-14T16:34:06","date_gmt":"2020-08-14T14:34:06","guid":{"rendered":"https:\/\/www.hands2hire.com\/zoom-4\/"},"modified":"2020-08-14T16:34:07","modified_gmt":"2020-08-14T14:34:07","slug":"zoom-4","status":"publish","type":"page","link":"https:\/\/www.hands2hire.com\/es\/zoom-3\/zoom-4\/","title":{"rendered":"Zoom 4"},"content":{"rendered":"<div class=\"wpb-content-wrapper\"><p>[vc_row css_animation=\u00bb\u00bb row_type=\u00bbrow\u00bb use_row_as_full_screen_section=\u00bbno\u00bb type=\u00bbfull_width\u00bb angled_section=\u00bbno\u00bb text_align=\u00bbleft\u00bb background_image_as_pattern=\u00bbwithout_pattern\u00bb][vc_column css=\u00bb.vc_custom_1590760501601{margin-bottom: 40px !important;}\u00bb][vc_column_text]<\/p>\n<h1>ZOOM<\/h1>\n<p>[\/vc_column_text][\/vc_column][\/vc_row][vc_row css_animation=\u00bb\u00bb row_type=\u00bbrow\u00bb use_row_as_full_screen_section=\u00bbno\u00bb type=\u00bbfull_width\u00bb angled_section=\u00bbno\u00bb text_align=\u00bbleft\u00bb background_image_as_pattern=\u00bbwithout_pattern\u00bb][vc_column][vc_separator type=\u00bbsmall\u00bb position=\u00bbleft\u00bb width=\u00bb100&#8243; up=\u00bb0&#8243; down=\u00bb40&#8243; thickness=\u00bb10&#8243;][\/vc_column][\/vc_row][vc_row css_animation=\u00bb\u00bb row_type=\u00bbrow\u00bb use_row_as_full_screen_section=\u00bbno\u00bb type=\u00bbfull_width\u00bb angled_section=\u00bbno\u00bb text_align=\u00bbleft\u00bb background_image_as_pattern=\u00bbwithout_pattern\u00bb][vc_column width=\u00bb1\/2&#8243;][vc_column_text]<\/p>\n<h3 style=\"text-align: left;\"><span style=\"color: #31c8a2; font-size: 24pt;\">Hola,<\/span><\/h3>\n<p>&nbsp;<\/p>\n<p style=\"text-align: left;\"><span style=\"font-size: 16pt;\"><strong>willkommen zu Ihrer Zoom-Konferenz<\/strong><\/span><\/p>\n<p>[\/vc_column_text][vc_separator type=\u00bbsmall\u00bb position=\u00bbleft\u00bb width=\u00bb100&#8243; up=\u00bb40&#8243; down=\u00bb40&#8243; thickness=\u00bb10&#8243;][vc_row_inner row_type=\u00bbrow\u00bb type=\u00bbfull_width\u00bb text_align=\u00bbleft\u00bb css_animation=\u00bb\u00bb][vc_column_inner width=\u00bb1\/3&#8243;]<div class=\"q_icon_list\"><i class=\"qode_icon_font_awesome fa fa-calendar qode-ili-icon-holder circle\" style=\"\" ><\/i><p style=\"color:#31c8a2;font-size: 14px;font-weight: 700;\">Tu cita:<\/p><\/div>[\/vc_column_inner][vc_column_inner width=\u00bb2\/3&#8243;][vc_column_text]<span style=\"color: #31c8a2; font-size: 14pt;\"><span style=\"color: #31c8a2;\">Martes 21. Julio 2020 \/\/ 19:00<\/span><\/span>[\/vc_column_text][\/vc_column_inner][\/vc_row_inner][vc_row_inner row_type=\u00bbrow\u00bb type=\u00bbfull_width\u00bb text_align=\u00bbleft\u00bb css_animation=\u00bb\u00bb][vc_column_inner width=\u00bb1\/3&#8243;]<div class=\"q_icon_list\"><i class=\"qode_icon_font_awesome fa fa-arrow-right qode-ili-icon-holder circle\" style=\"\" ><\/i><p style=\"color:#31c8a2;font-size: 14px;font-weight: 700;\">Su meeting-link:<\/p><\/div>[\/vc_column_inner][vc_column_inner width=\u00bb2\/3&#8243;][vc_column_text]<span style=\"color: #31c8a2; font-size: 14pt;\"><a href=\"https:\/\/us04web.zoom.us\/j\/76976773610?pwd=S1VTWmxqTysvNkFEMkU4S2tGTmFnUT09\" target=\"_blank\" rel=\"noopener noreferrer\"><span style=\"color: #31c8a2;\"><span style=\"text-decoration: underline;\">Por favor,haga clic aqu\u00ed<\/span><\/span><\/a><\/span>[\/vc_column_text][\/vc_column_inner][\/vc_row_inner][vc_row_inner row_type=\u00bbrow\u00bb type=\u00bbfull_width\u00bb text_align=\u00bbleft\u00bb css_animation=\u00bb\u00bb][vc_column_inner width=\u00bb1\/3&#8243;]<div class=\"q_icon_list\"><i class=\"qode_icon_font_awesome fa fa-user qode-ili-icon-holder circle\" style=\"\" ><\/i><p style=\"color:#31c8a2;font-size: 14px;font-weight: 700;\">Su meeting ID:<\/p><\/div>[\/vc_column_inner][vc_column_inner width=\u00bb2\/3&#8243;][vc_column_text]<span style=\"color: #31c8a2; font-size: 14pt;\">769 7677 3610<\/span>[\/vc_column_text][\/vc_column_inner][\/vc_row_inner][vc_row_inner row_type=\u00bbrow\u00bb type=\u00bbfull_width\u00bb text_align=\u00bbleft\u00bb css_animation=\u00bb\u00bb][vc_column_inner width=\u00bb1\/3&#8243;]<div class=\"q_icon_list\"><i class=\"qode_icon_font_awesome fa fa-unlock qode-ili-icon-holder circle\" style=\"\" ><\/i><p style=\"color:#31c8a2;font-size: 14px;font-weight: 700;\">Su contrase\u00f1a:<\/p><\/div>[\/vc_column_inner][vc_column_inner width=\u00bb2\/3&#8243;][vc_column_text]<span style=\"color: #31c8a2; font-size: 14pt;\">qHRgA8<\/span>[\/vc_column_text][\/vc_column_inner][\/vc_row_inner][\/vc_column][vc_column width=\u00bb1\/2&#8243;][vc_single_image image=\u00bb85075&#8243; img_size=\u00bbfull\u00bb alignment=\u00bbcenter\u00bb qode_css_animation=\u00bb\u00bb qode_hover_animation=\u00bbzoom_in\u00bb css=\u00bb.vc_custom_1592900055158{margin-bottom: 40px !important;}\u00bb][\/vc_column][\/vc_row][vc_row css_animation=\u00bb\u00bb row_type=\u00bbrow\u00bb use_row_as_full_screen_section=\u00bbno\u00bb type=\u00bbfull_width\u00bb angled_section=\u00bbno\u00bb text_align=\u00bbleft\u00bb background_image_as_pattern=\u00bbwithout_pattern\u00bb][vc_column][vc_separator type=\u00bbsmall\u00bb position=\u00bbleft\u00bb width=\u00bb100&#8243; up=\u00bb10&#8243; down=\u00bb40&#8243;][vc_column_text css=\u00bb.vc_custom_1594448461902{margin-top: 20px !important;margin-bottom: 20px !important;}\u00bb]<span style=\"font-size: 14pt; color: #31c8a2;\"><strong>How to Zoom?<\/strong><\/span>[\/vc_column_text]<div class=\"q_list number circle_number\">\n\t<\/p>\n<ul>\n<li><strong>Instale la aplicaci\u00f3n de zoom<\/strong> haciendo clic en el enlace de arriba<\/li>\n<li><strong>Haz clic en el enlace de nuevo.<\/strong> Ahora se le remitir\u00e1 autom\u00e1ticamente a la aplicaci\u00f3n de zoom y se conectar\u00e1 a la reuni\u00f3n correcta.<\/li>\n<li><strong>Introduce la contrase\u00f1a cuando<\/strong> se te pida.<\/li>\n<li><strong>Hecho.<\/strong> Ahora est\u00e1 conectado con nosotros en la reuni\u00f3n de Zoom.<\/li>\n<\/ul>\n<p>Puede encontrar instrucciones detalladas <a href=\"https:\/\/support.zoom.us\/hc\/en-us\/articles\/201362193-Joining-a-meeting\">aqu\u00ed<\/a>.<\/div>[vc_column_text css=\u00bb.vc_custom_1594448031925{margin-top: 20px !important;margin-bottom: 50px !important;}\u00bb]<span style=\"font-size: 14pt;\"><strong>Download-Links<\/strong><\/span><\/p>\n<p><a href=\"https:\/\/apps.apple.com\/us\/app\/zoom-cloud-meetings\/id546505307\">iOS<\/a><\/p>\n<p><a href=\"https:\/\/play.google.com\/store\/apps\/details?id=us.zoom.videomeetings&amp;hl=en\">Android<\/a><\/p>\n<p><a href=\"https:\/\/zoom.us\/download\" target=\"_blank\" rel=\"noopener noreferrer\">Zoom Download Center<\/a>[\/vc_column_text][\/vc_column][\/vc_row]<\/p>\n<\/div>","protected":false},"excerpt":{"rendered":"<p>[vc_row css_animation=\u00bb\u00bb row_type=\u00bbrow\u00bb use_row_as_full_screen_section=\u00bbno\u00bb type=\u00bbfull_width\u00bb angled_section=\u00bbno\u00bb text_align=\u00bbleft\u00bb background_image_as_pattern=\u00bbwithout_pattern\u00bb][vc_column css=\u00bb.vc_custom_1590760501601{margin-bottom: 40px !important;}\u00bb][vc_column_text] ZOOM [\/vc_column_text][\/vc_column][\/vc_row][vc_row css_animation=\u00bb\u00bb row_type=\u00bbrow\u00bb use_row_as_full_screen_section=\u00bbno\u00bb type=\u00bbfull_width\u00bb angled_section=\u00bbno\u00bb text_align=\u00bbleft\u00bb background_image_as_pattern=\u00bbwithout_pattern\u00bb][vc_column][vc_separator type=\u00bbsmall\u00bb position=\u00bbleft\u00bb width=\u00bb100&#8243; up=\u00bb0&#8243; down=\u00bb40&#8243; thickness=\u00bb10&#8243;][\/vc_column][\/vc_row][vc_row css_animation=\u00bb\u00bb row_type=\u00bbrow\u00bb use_row_as_full_screen_section=\u00bbno\u00bb type=\u00bbfull_width\u00bb angled_section=\u00bbno\u00bb text_align=\u00bbleft\u00bb background_image_as_pattern=\u00bbwithout_pattern\u00bb][vc_column width=\u00bb1\/2&#8243;][vc_column_text] Hola, &nbsp; willkommen zu Ihrer Zoom-Konferenz [\/vc_column_text][vc_separator type=\u00bbsmall\u00bb position=\u00bbleft\u00bb width=\u00bb100&#8243; up=\u00bb40&#8243;&#8230;<\/p>\n","protected":false},"author":1,"featured_media":0,"parent":85236,"menu_order":1,"comment_status":"closed","ping_status":"closed","template":"","meta":{"footnotes":""},"class_list":["post-85233","page","type-page","status-publish","hentry"],"_links":{"self":[{"href":"https:\/\/www.hands2hire.com\/es\/wp-json\/wp\/v2\/pages\/85233","targetHints":{"allow":["GET"]}}],"collection":[{"href":"https:\/\/www.hands2hire.com\/es\/wp-json\/wp\/v2\/pages"}],"about":[{"href":"https:\/\/www.hands2hire.com\/es\/wp-json\/wp\/v2\/types\/page"}],"author":[{"embeddable":true,"href":"https:\/\/www.hands2hire.com\/es\/wp-json\/wp\/v2\/users\/1"}],"replies":[{"embeddable":true,"href":"https:\/\/www.hands2hire.com\/es\/wp-json\/wp\/v2\/comments?post=85233"}],"version-history":[{"count":2,"href":"https:\/\/www.hands2hire.com\/es\/wp-json\/wp\/v2\/pages\/85233\/revisions"}],"predecessor-version":[{"id":85235,"href":"https:\/\/www.hands2hire.com\/es\/wp-json\/wp\/v2\/pages\/85233\/revisions\/85235"}],"up":[{"embeddable":true,"href":"https:\/\/www.hands2hire.com\/es\/wp-json\/wp\/v2\/pages\/85236"}],"wp:attachment":[{"href":"https:\/\/www.hands2hire.com\/es\/wp-json\/wp\/v2\/media?parent=85233"}],"curies":[{"name":"wp","href":"https:\/\/api.w.org\/{rel}","templated":true}]}}